{"id":25,"date":"2017-04-25T07:09:39","date_gmt":"2017-04-25T07:09:39","guid":{"rendered":"http:\/\/dev.remixjuice.com\/?page_id=25"},"modified":"2017-07-10T18:45:51","modified_gmt":"2017-07-10T18:45:51","slug":"remix","status":"publish","type":"page","link":"https:\/\/www.remixjuice.com\/fr\/","title":{"rendered":"Remix"},"content":{"rendered":"<h2>&#9658; A propos de REMIX JUICE<\/h2>\n<p>REMIX JUICE est un concept n\u00e9 du rapprochement d\u2019acteurs majeurs de la cigarette \u00e9lectronique en France et aux Etats-Unis. Notre objectif est de permettre aux consommateurs de b\u00e9n\u00e9ficier des meilleurs jus du March\u00e9 et ses derni\u00e8res tendances au meilleur prix pour une vape sans limites.<\/p>\n<p><strong>Innovant et attractif&#8230;<\/strong> Le syst\u00e8me de distribution de la gamme d\u2019e-liquides REMIX JUICE se fait via la REMIX BAR. Un display design aux mat\u00e9riaux nobles dot\u00e9 de 20 contenants d&rsquo;un litre, les REMIX BAG, dont le m\u00e9canisme innovant est brevet\u00e9 par REMIX JUICE.<\/p>\n<p><strong>Facile et pratique&#8230;<\/strong> Vous servez vos clients dans les REMIX BOTTLE (en 100 ou 50 ml) en moins de 10 secondes.<\/p>\n<p><strong>Malin&#8230;<\/strong> Vos clients repartent avec leurs jus pr\u00e9f\u00e9r\u00e9s en 0 mg et leur REMIX BOOSTER, pour agr\u00e9menter ces derniers de leur dose de Nicotine souhait\u00e9e. Ainsi, seul le REMIX BOOSTER (conditionn\u00e9 en 10 ml et \u00e0 20mg\/ml) fait l\u2019objet d\u2019une d\u00e9claration de conformit\u00e9 TPD.<\/p>\n<p><strong>Evolutif&#8230;<\/strong> une gamme d\u2019e-liquides constamment renouvel\u00e9e ou compl\u00e9t\u00e9e par les meilleurs jus du moment gr\u00e2ce \u00e0 notre r\u00e9seau de marques partenaires telles que GLAS, Cafe Racer, TRABUCO&#8230;<\/p>\n<p><strong>Ecologique&#8230;<\/strong> soucieux du respect de l\u2019environnement, le concept REMIX JUICE permet de limiter le nombre de bouteilles usag\u00e9es gr\u00e2ce au REMIX BOOSTER r\u00e9 utilisable \u00e0 volont\u00e9.<\/p>\n<p><strong>Rentable&#8230;<\/strong> le concept REMIX JUICE est sans conteste un gage de Chiffres d\u2019Affaires gr\u00e2ce au rapport qualit\u00e9 prix pour le consommateur, et la garantie de marges confortables (moyenne de 2,8) pour les magasins qui en sont \u00e9quip\u00e9s.<\/p>\n","protected":false},"excerpt":{"rendered":"<p>&#9658; A propos de REMIX JUICE REMIX JUICE est un concept n\u00e9 du rapprochement d\u2019acteurs majeurs de la cigarette \u00e9lectronique en France et aux Etats-Unis. Notre objectif est de permettre aux consommateurs de b\u00e9n\u00e9ficier des meilleurs jus du March\u00e9 et ses derni\u00e8res tendances au meilleur prix pour une vape sans limites. Innovant et attractif&#8230; Le [&hellip;]<\/p>\n","protected":false},"author":1,"featured_media":0,"parent":0,"menu_order":0,"comment_status":"closed","ping_status":"closed","template":"template-home.php","meta":{"_acf_changed":false,"footnotes":""},"class_list":["post-25","page","type-page","status-publish","hentry"],"acf":[],"_links":{"self":[{"href":"https:\/\/www.remixjuice.com\/fr\/wp-json\/wp\/v2\/pages\/25"}],"collection":[{"href":"https:\/\/www.remixjuice.com\/fr\/wp-json\/wp\/v2\/pages"}],"about":[{"href":"https:\/\/www.remixjuice.com\/fr\/wp-json\/wp\/v2\/types\/page"}],"author":[{"embeddable":true,"href":"https:\/\/www.remixjuice.com\/fr\/wp-json\/wp\/v2\/users\/1"}],"replies":[{"embeddable":true,"href":"https:\/\/www.remixjuice.com\/fr\/wp-json\/wp\/v2\/comments?post=25"}],"version-history":[{"count":5,"href":"https:\/\/www.remixjuice.com\/fr\/wp-json\/wp\/v2\/pages\/25\/revisions"}],"predecessor-version":[{"id":399,"href":"https:\/\/www.remixjuice.com\/fr\/wp-json\/wp\/v2\/pages\/25\/revisions\/399"}],"wp:attachment":[{"href":"https:\/\/www.remixjuice.com\/fr\/wp-json\/wp\/v2\/media?parent=25"}],"curies":[{"name":"wp","href":"https:\/\/api.w.org\/{rel}","templated":true}]}}